{"id":260,"date":"2025-12-18T17:37:07","date_gmt":"2025-12-18T17:37:07","guid":{"rendered":"http:\/\/www.marinacandarli.com\/?page_id=260"},"modified":"2025-12-19T14:45:05","modified_gmt":"2025-12-19T14:45:05","slug":"menu","status":"publish","type":"page","link":"https:\/\/www.marinacandarli.com\/?page_id=260","title":{"rendered":"Men\u00fc"},"content":{"rendered":"<div data-colibri-id=\"260-c1\" class=\"style-411 style-local-260-c1 position-relative\">\n  <!---->\n  <div data-colibri-component=\"section\" data-colibri-id=\"260-c5\" id=\"custom-2\" class=\"h-section h-section-global-spacing d-flex align-items-lg-center align-items-md-center align-items-center style-415 style-local-260-c5 position-relative\">\n    <!---->\n    <!---->\n    <div class=\"h-section-grid-container h-section-boxed-container\">\n      <!---->\n      <div data-colibri-id=\"260-c6\" class=\"h-row-container gutters-row-lg-2 gutters-row-md-2 gutters-row-0 gutters-row-v-lg-2 gutters-row-v-md-2 gutters-row-v-2 style-416 style-local-260-c6 position-relative\">\n        <!---->\n        <div class=\"h-row justify-content-lg-center justify-content-md-center justify-content-center align-items-lg-stretch align-items-md-stretch align-items-stretch gutters-col-lg-2 gutters-col-md-2 gutters-col-0 gutters-col-v-lg-2 gutters-col-v-md-2 gutters-col-v-2\">\n          <!---->\n          <div class=\"h-column h-column-container d-flex h-col-lg-auto h-col-md-auto h-col-auto style-417-outer style-local-260-c7-outer\">\n            <div data-colibri-id=\"260-c7\" class=\"d-flex h-flex-basis h-column__inner h-px-lg-2 h-px-md-2 h-px-2 v-inner-lg-2 v-inner-md-2 v-inner-2 style-417 style-local-260-c7 position-relative\">\n              <!---->\n              <!---->\n              <div class=\"w-100 h-y-container h-column__content h-column__v-align flex-basis-100 align-self-lg-start align-self-md-start align-self-start\">\n                <!---->\n                <div data-colibri-id=\"260-c8\" class=\"h-x-container style-433 style-local-260-c8 position-relative h-element\">\n                  <!---->\n                  <div class=\"h-x-container-inner style-dynamic-260-c8-group style-433-spacing style-local-260-c8-spacing\"><span class=\"h-button__outer style-434-outer style-local-260-c9-outer d-inline-flex h-element\"><a h-use-smooth-scroll=\"true\" href=\"https:\/\/www.marinacandarli.com\/?page_id=120\"  data-colibri-id=\"260-c9\" class=\"d-flex w-100 align-items-center h-button justify-content-lg-center justify-content-md-center justify-content-center style-434 style-local-260-c9 position-relative\"><!----><!----> <span>Mezeler<\/span><\/a>\n                    <\/span>\n                  <\/div>\n                <\/div>\n              <\/div>\n            <\/div>\n          <\/div>\n        <\/div>\n      <\/div>\n    <\/div>\n  <\/div>\n  <div data-colibri-component=\"section\" data-colibri-id=\"260-c10\" id=\"custom-3\" class=\"h-section h-section-global-spacing d-flex align-items-lg-center align-items-md-center align-items-center style-418 style-local-260-c10 position-relative\">\n    <!---->\n    <!---->\n    <div class=\"h-section-grid-container h-section-boxed-container\">\n      <!---->\n      <div data-colibri-id=\"260-c11\" class=\"h-row-container gutters-row-lg-2 gutters-row-md-2 gutters-row-0 gutters-row-v-lg-2 gutters-row-v-md-2 gutters-row-v-2 style-419 style-local-260-c11 position-relative\">\n        <!---->\n        <div class=\"h-row justify-content-lg-center justify-content-md-center justify-content-center align-items-lg-stretch align-items-md-stretch align-items-stretch gutters-col-lg-2 gutters-col-md-2 gutters-col-0 gutters-col-v-lg-2 gutters-col-v-md-2 gutters-col-v-2\">\n          <!---->\n          <div class=\"h-column h-column-container d-flex h-col-lg-auto h-col-md-auto h-col-auto style-420-outer style-local-260-c12-outer\">\n            <div data-colibri-id=\"260-c12\" class=\"d-flex h-flex-basis h-column__inner h-px-lg-2 h-px-md-2 h-px-2 v-inner-lg-2 v-inner-md-2 v-inner-2 style-420 style-local-260-c12 position-relative\">\n              <!---->\n              <!---->\n              <div class=\"w-100 h-y-container h-column__content h-column__v-align flex-basis-100 align-self-lg-start align-self-md-start align-self-start\">\n                <!---->\n                <div data-colibri-id=\"260-c13\" class=\"h-x-container style-435 style-local-260-c13 position-relative h-element\">\n                  <!---->\n                  <div class=\"h-x-container-inner style-dynamic-260-c13-group style-435-spacing style-local-260-c13-spacing\"><span class=\"h-button__outer style-436-outer style-local-260-c14-outer d-inline-flex h-element\"><a h-use-smooth-scroll=\"true\" href=\"https:\/\/www.marinacandarli.com\/?page_id=182\"  data-colibri-id=\"260-c14\" class=\"d-flex w-100 align-items-center h-button justify-content-lg-center justify-content-md-center justify-content-center style-436 style-local-260-c14 position-relative\"><!----><!----> <span>Ara S\u0131caklar<\/span><\/a>\n                    <\/span>\n                  <\/div>\n                <\/div>\n              <\/div>\n            <\/div>\n          <\/div>\n        <\/div>\n      <\/div>\n    <\/div>\n  <\/div>\n  <div data-colibri-component=\"section\" data-colibri-id=\"260-c15\" id=\"custom-4\" class=\"h-section h-section-global-spacing d-flex align-items-lg-center align-items-md-center align-items-center style-421 style-local-260-c15 position-relative\">\n    <!---->\n    <!---->\n    <div class=\"h-section-grid-container h-section-boxed-container\">\n      <!---->\n      <div data-colibri-id=\"260-c16\" class=\"h-row-container gutters-row-lg-2 gutters-row-md-2 gutters-row-0 gutters-row-v-lg-2 gutters-row-v-md-2 gutters-row-v-2 style-422 style-local-260-c16 position-relative\">\n        <!---->\n        <div class=\"h-row justify-content-lg-center justify-content-md-center justify-content-center align-items-lg-stretch align-items-md-stretch align-items-stretch gutters-col-lg-2 gutters-col-md-2 gutters-col-0 gutters-col-v-lg-2 gutters-col-v-md-2 gutters-col-v-2\">\n          <!---->\n          <div class=\"h-column h-column-container d-flex h-col-lg-auto h-col-md-auto h-col-auto style-423-outer style-local-260-c17-outer\">\n            <div data-colibri-id=\"260-c17\" class=\"d-flex h-flex-basis h-column__inner h-px-lg-2 h-px-md-2 h-px-2 v-inner-lg-2 v-inner-md-2 v-inner-2 style-423 style-local-260-c17 position-relative\">\n              <!---->\n              <!---->\n              <div class=\"w-100 h-y-container h-column__content h-column__v-align flex-basis-100 align-self-lg-start align-self-md-start align-self-start\">\n                <!---->\n                <div data-colibri-id=\"260-c18\" class=\"h-x-container style-437 style-local-260-c18 position-relative h-element\">\n                  <!---->\n                  <div class=\"h-x-container-inner style-dynamic-260-c18-group style-437-spacing style-local-260-c18-spacing\"><span class=\"h-button__outer style-438-outer style-local-260-c19-outer d-inline-flex h-element\"><a h-use-smooth-scroll=\"true\" href=\"https:\/\/www.marinacandarli.com\/?page_id=191\"  data-colibri-id=\"260-c19\" class=\"d-flex w-100 align-items-center h-button justify-content-lg-center justify-content-md-center justify-content-center style-438 style-local-260-c19 position-relative\"><!----><!----> <span>Salatalar<\/span><\/a>\n                    <\/span>\n                  <\/div>\n                <\/div>\n              <\/div>\n            <\/div>\n          <\/div>\n        <\/div>\n      <\/div>\n    <\/div>\n  <\/div>\n  <div data-colibri-component=\"section\" data-colibri-id=\"260-c20\" id=\"custom-5\" class=\"h-section h-section-global-spacing d-flex align-items-lg-center align-items-md-center align-items-center style-424 style-local-260-c20 position-relative\">\n    <!---->\n    <!---->\n    <div class=\"h-section-grid-container h-section-boxed-container\">\n      <!---->\n      <div data-colibri-id=\"260-c21\" class=\"h-row-container gutters-row-lg-2 gutters-row-md-2 gutters-row-0 gutters-row-v-lg-2 gutters-row-v-md-2 gutters-row-v-2 style-425 style-local-260-c21 position-relative\">\n        <!---->\n        <div class=\"h-row justify-content-lg-center justify-content-md-center justify-content-center align-items-lg-stretch align-items-md-stretch align-items-stretch gutters-col-lg-2 gutters-col-md-2 gutters-col-0 gutters-col-v-lg-2 gutters-col-v-md-2 gutters-col-v-2\">\n          <!---->\n          <div class=\"h-column h-column-container d-flex h-col-lg-auto h-col-md-auto h-col-auto style-426-outer style-local-260-c22-outer\">\n            <div data-colibri-id=\"260-c22\" class=\"d-flex h-flex-basis h-column__inner h-px-lg-2 h-px-md-2 h-px-2 v-inner-lg-2 v-inner-md-2 v-inner-2 style-426 style-local-260-c22 position-relative\">\n              <!---->\n              <!---->\n              <div class=\"w-100 h-y-container h-column__content h-column__v-align flex-basis-100 align-self-lg-start align-self-md-start align-self-start\">\n                <!---->\n                <div data-colibri-id=\"260-c23\" class=\"h-x-container style-439 style-local-260-c23 position-relative h-element\">\n                  <!---->\n                  <div class=\"h-x-container-inner style-dynamic-260-c23-group style-439-spacing style-local-260-c23-spacing\"><span class=\"h-button__outer style-440-outer style-local-260-c24-outer d-inline-flex h-element\"><a h-use-smooth-scroll=\"true\" href=\"https:\/\/www.marinacandarli.com\/?page_id=207\"  data-colibri-id=\"260-c24\" class=\"d-flex w-100 align-items-center h-button justify-content-lg-center justify-content-md-center justify-content-center style-440 style-local-260-c24 position-relative\"><!----><!----> <span>Ana Yemekler<\/span><\/a>\n                    <\/span>\n                  <\/div>\n                <\/div>\n              <\/div>\n            <\/div>\n          <\/div>\n        <\/div>\n      <\/div>\n    <\/div>\n  <\/div>\n  <div data-colibri-component=\"section\" data-colibri-id=\"260-c25\" id=\"custom-6\" class=\"h-section h-section-global-spacing d-flex align-items-lg-center align-items-md-center align-items-center style-427 style-local-260-c25 position-relative\">\n    <!---->\n    <!---->\n    <div class=\"h-section-grid-container h-section-boxed-container\">\n      <!---->\n      <div data-colibri-id=\"260-c26\" class=\"h-row-container gutters-row-lg-2 gutters-row-md-2 gutters-row-0 gutters-row-v-lg-2 gutters-row-v-md-2 gutters-row-v-2 style-428 style-local-260-c26 position-relative\">\n        <!---->\n        <div class=\"h-row justify-content-lg-center justify-content-md-center justify-content-center align-items-lg-stretch align-items-md-stretch align-items-stretch gutters-col-lg-2 gutters-col-md-2 gutters-col-0 gutters-col-v-lg-2 gutters-col-v-md-2 gutters-col-v-2\">\n          <!---->\n          <div class=\"h-column h-column-container d-flex h-col-lg-auto h-col-md-auto h-col-auto style-429-outer style-local-260-c27-outer\">\n            <div data-colibri-id=\"260-c27\" class=\"d-flex h-flex-basis h-column__inner h-px-lg-2 h-px-md-2 h-px-2 v-inner-lg-2 v-inner-md-2 v-inner-2 style-429 style-local-260-c27 position-relative\">\n              <!---->\n              <!---->\n              <div class=\"w-100 h-y-container h-column__content h-column__v-align flex-basis-100 align-self-lg-start align-self-md-start align-self-start\">\n                <!---->\n                <div data-colibri-id=\"260-c28\" class=\"h-x-container style-441 style-local-260-c28 position-relative h-element\">\n                  <!---->\n                  <div class=\"h-x-container-inner style-dynamic-260-c28-group style-441-spacing style-local-260-c28-spacing\"><span class=\"h-button__outer style-442-outer style-local-260-c29-outer d-inline-flex h-element\"><a h-use-smooth-scroll=\"true\" href=\"https:\/\/www.marinacandarli.com\/?page_id=166\"  data-colibri-id=\"260-c29\" class=\"d-flex w-100 align-items-center h-button justify-content-lg-center justify-content-md-center justify-content-center style-442 style-local-260-c29 position-relative\"><!----><!----> <span>Me\u015frubatlar<\/span><\/a>\n                    <\/span>\n                  <\/div>\n                <\/div>\n              <\/div>\n            <\/div>\n          <\/div>\n        <\/div>\n      <\/div>\n    <\/div>\n  <\/div>\n  <div data-colibri-component=\"section\" data-colibri-id=\"260-c30\" id=\"custom-7\" class=\"h-section h-section-global-spacing d-flex align-items-lg-center align-items-md-center align-items-center style-430 style-local-260-c30 position-relative\">\n    <!---->\n    <!---->\n    <div class=\"h-section-grid-container h-section-boxed-container\">\n      <!---->\n      <div data-colibri-id=\"260-c31\" class=\"h-row-container gutters-row-lg-2 gutters-row-md-2 gutters-row-0 gutters-row-v-lg-2 gutters-row-v-md-2 gutters-row-v-2 style-431 style-local-260-c31 position-relative\">\n        <!---->\n        <div class=\"h-row justify-content-lg-center justify-content-md-center justify-content-center align-items-lg-stretch align-items-md-stretch align-items-stretch gutters-col-lg-2 gutters-col-md-2 gutters-col-0 gutters-col-v-lg-2 gutters-col-v-md-2 gutters-col-v-2\">\n          <!---->\n          <div class=\"h-column h-column-container d-flex h-col-lg-auto h-col-md-auto h-col-auto style-432-outer style-local-260-c32-outer\">\n            <div data-colibri-id=\"260-c32\" class=\"d-flex h-flex-basis h-column__inner h-px-lg-2 h-px-md-2 h-px-2 v-inner-lg-2 v-inner-md-2 v-inner-2 style-432 style-local-260-c32 position-relative\">\n              <!---->\n              <!---->\n              <div class=\"w-100 h-y-container h-column__content h-column__v-align flex-basis-100 align-self-lg-start align-self-md-start align-self-start\">\n                <!---->\n                <div data-colibri-id=\"260-c33\" class=\"h-x-container style-443 style-local-260-c33 position-relative h-element\">\n                  <!---->\n                  <div class=\"h-x-container-inner style-dynamic-260-c33-group style-443-spacing style-local-260-c33-spacing\"><span class=\"h-button__outer style-444-outer style-local-260-c34-outer d-inline-flex h-element\"><a h-use-smooth-scroll=\"true\" href=\"https:\/\/www.marinacandarli.com\/?page_id=216\"  data-colibri-id=\"260-c34\" class=\"d-flex w-100 align-items-center h-button justify-content-lg-center justify-content-md-center justify-content-center style-444 style-local-260-c34 position-relative\"><!----><!----> <span>Alkoll\u00fc \u0130\u00e7ecekler<\/span><\/a>\n                    <\/span>\n                  <\/div>\n                <\/div>\n              <\/div>\n            <\/div>\n          <\/div>\n        <\/div>\n      <\/div>\n    <\/div>\n  <\/div>\n<\/div>","protected":false},"excerpt":{"rendered":"<p>Mezeler Ara S\u0131caklar Salatalar Ana Yemekler Me\u015frubatlar Alkoll\u00fc \u0130\u00e7ecekler [&hellip;]<\/p>\n","protected":false},"author":1,"featured_media":0,"parent":0,"menu_order":0,"comment_status":"closed","ping_status":"closed","template":"page-templates\/full-width-page.php","meta":{"footnotes":""},"class_list":["post-260","page","type-page","status-publish","hentry"],"yoast_head":"<!-- This site is optimized with the Yoast SEO plugin v27.4 - https:\/\/yoast.com\/product\/yoast-seo-wordpress\/ -->\n<title>Men\u00fc - Marina &Ccedil;andarl\u0131<\/title>\n<meta name=\"robots\" content=\"index, follow, max-snippet:-1, max-image-preview:large, max-video-preview:-1\" \/>\n<link rel=\"canonical\" href=\"https:\/\/www.marinacandarli.com\/?page_id=260\" \/>\n<meta property=\"og:locale\" content=\"tr_TR\" \/>\n<meta property=\"og:type\" content=\"article\" \/>\n<meta property=\"og:title\" content=\"Men\u00fc - Marina &Ccedil;andarl\u0131\" \/>\n<meta property=\"og:description\" content=\"Mezeler Ara S\u0131caklar Salatalar Ana Yemekler Me\u015frubatlar Alkoll\u00fc \u0130\u00e7ecekler [&hellip;]\" \/>\n<meta property=\"og:url\" content=\"https:\/\/www.marinacandarli.com\/?page_id=260\" \/>\n<meta property=\"og:site_name\" content=\"Marina &Ccedil;andarl\u0131\" \/>\n<meta property=\"article:modified_time\" content=\"2025-12-19T14:45:05+00:00\" \/>\n<meta name=\"twitter:card\" content=\"summary_large_image\" \/>\n<script type=\"application\/ld+json\" class=\"yoast-schema-graph\">{\"@context\":\"https:\\\/\\\/schema.org\",\"@graph\":[{\"@type\":\"WebPage\",\"@id\":\"https:\\\/\\\/www.marinacandarli.com\\\/?page_id=260\",\"url\":\"https:\\\/\\\/www.marinacandarli.com\\\/?page_id=260\",\"name\":\"Men\u00fc - Marina &Ccedil;andarl\u0131\",\"isPartOf\":{\"@id\":\"https:\\\/\\\/www.marinacandarli.com\\\/#website\"},\"datePublished\":\"2025-12-18T17:37:07+00:00\",\"dateModified\":\"2025-12-19T14:45:05+00:00\",\"breadcrumb\":{\"@id\":\"https:\\\/\\\/www.marinacandarli.com\\\/?page_id=260#breadcrumb\"},\"inLanguage\":\"tr\",\"potentialAction\":[{\"@type\":\"ReadAction\",\"target\":[\"https:\\\/\\\/www.marinacandarli.com\\\/?page_id=260\"]}]},{\"@type\":\"BreadcrumbList\",\"@id\":\"https:\\\/\\\/www.marinacandarli.com\\\/?page_id=260#breadcrumb\",\"itemListElement\":[{\"@type\":\"ListItem\",\"position\":1,\"name\":\"Anasayfa\",\"item\":\"https:\\\/\\\/www.marinacandarli.com\\\/\"},{\"@type\":\"ListItem\",\"position\":2,\"name\":\"Men\u00fc\"}]},{\"@type\":\"WebSite\",\"@id\":\"https:\\\/\\\/www.marinacandarli.com\\\/#website\",\"url\":\"https:\\\/\\\/www.marinacandarli.com\\\/\",\"name\":\"www.marinacandarli.com\",\"description\":\"Bir Kasaba Meyhanesi\",\"publisher\":{\"@id\":\"https:\\\/\\\/www.marinacandarli.com\\\/#organization\"},\"potentialAction\":[{\"@type\":\"SearchAction\",\"target\":{\"@type\":\"EntryPoint\",\"urlTemplate\":\"https:\\\/\\\/www.marinacandarli.com\\\/?s={search_term_string}\"},\"query-input\":{\"@type\":\"PropertyValueSpecification\",\"valueRequired\":true,\"valueName\":\"search_term_string\"}}],\"inLanguage\":\"tr\"},{\"@type\":\"Organization\",\"@id\":\"https:\\\/\\\/www.marinacandarli.com\\\/#organization\",\"name\":\"Marina \u00c7andarl\u0131\",\"url\":\"https:\\\/\\\/www.marinacandarli.com\\\/\",\"logo\":{\"@type\":\"ImageObject\",\"inLanguage\":\"tr\",\"@id\":\"https:\\\/\\\/www.marinacandarli.com\\\/#\\\/schema\\\/logo\\\/image\\\/\",\"url\":\"https:\\\/\\\/www.marinacandarli.com\\\/wp-content\\\/uploads\\\/2025\\\/12\\\/WhatsApp-Image-2025-12-16-at-19.29.25.jpeg\",\"contentUrl\":\"https:\\\/\\\/www.marinacandarli.com\\\/wp-content\\\/uploads\\\/2025\\\/12\\\/WhatsApp-Image-2025-12-16-at-19.29.25.jpeg\",\"width\":1280,\"height\":1278,\"caption\":\"Marina \u00c7andarl\u0131\"},\"image\":{\"@id\":\"https:\\\/\\\/www.marinacandarli.com\\\/#\\\/schema\\\/logo\\\/image\\\/\"}}]}<\/script>\n<!-- \/ Yoast SEO plugin. -->","yoast_head_json":{"title":"Men\u00fc - Marina &Ccedil;andarl\u0131","robots":{"index":"index","follow":"follow","max-snippet":"max-snippet:-1","max-image-preview":"max-image-preview:large","max-video-preview":"max-video-preview:-1"},"canonical":"https:\/\/www.marinacandarli.com\/?page_id=260","og_locale":"tr_TR","og_type":"article","og_title":"Men\u00fc - Marina &Ccedil;andarl\u0131","og_description":"Mezeler Ara S\u0131caklar Salatalar Ana Yemekler Me\u015frubatlar Alkoll\u00fc \u0130\u00e7ecekler [&hellip;]","og_url":"https:\/\/www.marinacandarli.com\/?page_id=260","og_site_name":"Marina &Ccedil;andarl\u0131","article_modified_time":"2025-12-19T14:45:05+00:00","twitter_card":"summary_large_image","schema":{"@context":"https:\/\/schema.org","@graph":[{"@type":"WebPage","@id":"https:\/\/www.marinacandarli.com\/?page_id=260","url":"https:\/\/www.marinacandarli.com\/?page_id=260","name":"Men\u00fc - Marina &Ccedil;andarl\u0131","isPartOf":{"@id":"https:\/\/www.marinacandarli.com\/#website"},"datePublished":"2025-12-18T17:37:07+00:00","dateModified":"2025-12-19T14:45:05+00:00","breadcrumb":{"@id":"https:\/\/www.marinacandarli.com\/?page_id=260#breadcrumb"},"inLanguage":"tr","potentialAction":[{"@type":"ReadAction","target":["https:\/\/www.marinacandarli.com\/?page_id=260"]}]},{"@type":"BreadcrumbList","@id":"https:\/\/www.marinacandarli.com\/?page_id=260#breadcrumb","itemListElement":[{"@type":"ListItem","position":1,"name":"Anasayfa","item":"https:\/\/www.marinacandarli.com\/"},{"@type":"ListItem","position":2,"name":"Men\u00fc"}]},{"@type":"WebSite","@id":"https:\/\/www.marinacandarli.com\/#website","url":"https:\/\/www.marinacandarli.com\/","name":"www.marinacandarli.com","description":"Bir Kasaba Meyhanesi","publisher":{"@id":"https:\/\/www.marinacandarli.com\/#organization"},"potentialAction":[{"@type":"SearchAction","target":{"@type":"EntryPoint","urlTemplate":"https:\/\/www.marinacandarli.com\/?s={search_term_string}"},"query-input":{"@type":"PropertyValueSpecification","valueRequired":true,"valueName":"search_term_string"}}],"inLanguage":"tr"},{"@type":"Organization","@id":"https:\/\/www.marinacandarli.com\/#organization","name":"Marina \u00c7andarl\u0131","url":"https:\/\/www.marinacandarli.com\/","logo":{"@type":"ImageObject","inLanguage":"tr","@id":"https:\/\/www.marinacandarli.com\/#\/schema\/logo\/image\/","url":"https:\/\/www.marinacandarli.com\/wp-content\/uploads\/2025\/12\/WhatsApp-Image-2025-12-16-at-19.29.25.jpeg","contentUrl":"https:\/\/www.marinacandarli.com\/wp-content\/uploads\/2025\/12\/WhatsApp-Image-2025-12-16-at-19.29.25.jpeg","width":1280,"height":1278,"caption":"Marina \u00c7andarl\u0131"},"image":{"@id":"https:\/\/www.marinacandarli.com\/#\/schema\/logo\/image\/"}}]}},"_links":{"self":[{"href":"https:\/\/www.marinacandarli.com\/index.php?rest_route=\/wp\/v2\/pages\/260","targetHints":{"allow":["GET"]}}],"collection":[{"href":"https:\/\/www.marinacandarli.com\/index.php?rest_route=\/wp\/v2\/pages"}],"about":[{"href":"https:\/\/www.marinacandarli.com\/index.php?rest_route=\/wp\/v2\/types\/page"}],"author":[{"embeddable":true,"href":"https:\/\/www.marinacandarli.com\/index.php?rest_route=\/wp\/v2\/users\/1"}],"replies":[{"embeddable":true,"href":"https:\/\/www.marinacandarli.com\/index.php?rest_route=%2Fwp%2Fv2%2Fcomments&post=260"}],"version-history":[{"count":5,"href":"https:\/\/www.marinacandarli.com\/index.php?rest_route=\/wp\/v2\/pages\/260\/revisions"}],"predecessor-version":[{"id":682,"href":"https:\/\/www.marinacandarli.com\/index.php?rest_route=\/wp\/v2\/pages\/260\/revisions\/682"}],"wp:attachment":[{"href":"https:\/\/www.marinacandarli.com\/index.php?rest_route=%2Fwp%2Fv2%2Fmedia&parent=260"}],"curies":[{"name":"wp","href":"https:\/\/api.w.org\/{rel}","templated":true}]}}